{"id":8,"date":"2021-05-01T20:46:00","date_gmt":"2021-05-01T20:46:00","guid":{"rendered":"https:\/\/masanatentacion.com\/?page_id=8"},"modified":"2025-06-05T15:49:34","modified_gmt":"2025-06-05T15:49:34","slug":"inicio","status":"publish","type":"page","link":"https:\/\/masanatentacion.com\/","title":{"rendered":"Inicio"},"content":{"rendered":"\n<blockquote class=\"wp-block-quote has-text-align-center is-style-large\"><p><strong><em>\u00abQue la comida sea tu alimento y el alimento, tu medicina\u00bb<\/em><\/strong><\/p><\/blockquote>\n\n\n\n<p class=\"has-text-align-right has-medium-font-size\">Hip\u00f3crates<\/p>\n\n\n\n<hr class=\"wp-block-separator\"\/>\n\n\n\n<p style=\"font-size:22px\"><em>MASANA nace para ofrecer una amplia variedad de comida sana para poder compartir en familia, con amigos y disfrutar de las tentaciones para el paladar de una forma m\u00e1s saludable. Una opci\u00f3n apta para todos con productos tradicionales, artesanos, de origen vegetal y sin gluten para poder compartir con toda tranquilidad y de forma saludable.<\/em><\/p>\n\n\n\n<hr class=\"wp-block-separator\"\/>\n\n\n\n<div class=\"wp-block-image\"><figure class=\"aligncenter size-full\"><img loading=\"lazy\" width=\"802\" height=\"540\" src=\"https:\/\/masanatentacion.com\/wp-content\/uploads\/2025\/06\/productos.jpg\" alt=\"\" class=\"wp-image-952\" srcset=\"https:\/\/masanatentacion.com\/wp-content\/uploads\/2025\/06\/productos.jpg 802w, https:\/\/masanatentacion.com\/wp-content\/uploads\/2025\/06\/productos-300x202.jpg 300w, https:\/\/masanatentacion.com\/wp-content\/uploads\/2025\/06\/productos-768x517.jpg 768w\" sizes=\"(max-width: 802px) 100vw, 802px\" \/><\/figure><\/div>\n\n\n\n<hr class=\"wp-block-separator\"\/>\n\n\n\n<p><\/p>\n\n\n\n<div class=\"wp-block-columns\">\n<div class=\"wp-block-column\">\n<div class=\"wp-block-image is-style-rounded\"><figure class=\"aligncenter size-thumbnail is-resized\"><img src=\"https:\/\/masanatentacion.com\/wp-content\/uploads\/2021\/12\/pan-masana--150x150.jpg\" alt=\"\" class=\"wp-image-554\" width=\"150\"\/><\/figure><\/div>\n\n\n\n<p><\/p>\n\n\n\n<p class=\"has-text-align-center\" style=\"font-size:22px\"><em><strong>Amplia gama de panes:<\/strong><\/em><\/p>\n\n\n\n<ul style=\"font-size:22px\"><li><em>Barras:<\/em><ul><li><em>Normal<\/em><\/li><li><em>De fibra<\/em><\/li><li><em>De semillas<\/em><\/li><li><em>R\u00fastica<\/em><\/li><li><em>De trigo sarraceno<\/em><\/li><li><em>De teff<\/em><\/li><li><em>De quinoa<\/em><\/li><\/ul><\/li><li><em>Pan redondo de pueblo<\/em><\/li><li><em>Pan de molde<\/em><\/li><li><em>Pan de hamburguesa<\/em>:<ul><li><em>Normal<\/em><\/li><li><em>R\u00fastico<\/em><\/li><\/ul><\/li><li><em>Pan redondo:<\/em><ul><li><em>Con nueces<\/em><\/li><li><em>Con semillas<\/em><\/li><li><em>Con olivas<\/em><\/li><\/ul><\/li><li><em>Pan tostado<\/em><\/li><li><em>Minis:<\/em><ul><li><em>Normal<\/em><\/li><li><em>De fibra<\/em><\/li><li><em>De semillas<\/em><\/li><\/ul><\/li><li><em>Bocadillo<\/em>s:<ul><li><em>Normal<\/em><\/li><li><em>R\u00fastico<\/em><\/li><li><em>De fibra<\/em><\/li><li><em>De semillas<\/em><\/li><li><em>De trigo sarraceno<\/em><\/li><li><em>De teff<\/em><\/li><li><em>De quinoa<\/em><\/li><\/ul><\/li><li><em>Harinas para:<\/em><ul><li><em>Hacer pan<\/em><\/li><li><em>Reposter\u00eda<\/em><\/li><li><em>Del sur especial rebozados<\/em><\/li><li><em>De trigo sarraceno<\/em><\/li><li><em>De avena integral<\/em><\/li><\/ul><\/li><\/ul>\n<\/div>\n\n\n\n<div class=\"wp-block-column\">\n<div class=\"wp-block-image is-style-rounded\"><figure class=\"aligncenter size-thumbnail\"><img loading=\"lazy\" width=\"150\" height=\"150\" src=\"https:\/\/masanatentacion.com\/wp-content\/uploads\/2022\/03\/271293907_143914967999707_6375445512028417502_n-150x150.jpg\" alt=\"\" class=\"wp-image-766\"\/><\/figure><\/div>\n\n\n\n<p><\/p>\n\n\n\n<p class=\"has-text-align-center\" style=\"font-size:22px\"><em><strong>Variedades saladas:<\/strong><\/em><\/p>\n\n\n\n<ul style=\"font-size:22px\"><li><em>Empanadillas de:<\/em><ul><li><em>Tomate<\/em><\/li><li><em>Espinacas<\/em><\/li><li><em>Carbonara<\/em><\/li><li><em>Patata<\/em><\/li><li><em>Pimiento<\/em><\/li><li><em>Pisto<\/em><\/li><li><em>At\u00fan y cebolla<\/em><\/li><li><em>Pollo<\/em><\/li><li><em>Morcilla y pera<\/em><\/li><\/ul><\/li><li><em>Saladitos variados<\/em>:<ul><li><em>Jamon york y queso<\/em><\/li><li><em>Pat\u00e9 de at\u00fan<\/em><\/li><li><em>Sobrasada<\/em><\/li><\/ul><\/li><li><em>Napolitanas:<\/em><ul><li><em> De jam\u00f3n y queso<\/em><\/li><li><em>De sobrasada y queso<\/em><\/li><\/ul><\/li><li><em>Cocas:<\/em><ul><li><em> De tomate<\/em><\/li><li><em>De harina<\/em><\/li><li><em>De verdura<\/em><\/li><\/ul><\/li><li><em>Coca para gazpacho<\/em><\/li><li><em>Bases pizza<\/em><\/li><li><em>Pan pizza variados<\/em><\/li><li><em>Rosquilletas:<\/em><ul><li><em>Normal<\/em>es<\/li><li><em>Saladas<\/em><\/li><li><em>Pipas<\/em><\/li><li><em>S\u00e9samo<\/em><\/li><li><em>Sobrasada<\/em><\/li><li><em>Ajo y perejil<\/em><\/li><\/ul><\/li><\/ul>\n<\/div>\n\n\n\n<div class=\"wp-block-column\">\n<div class=\"wp-block-image is-style-rounded\"><figure class=\"aligncenter size-thumbnail\"><img loading=\"lazy\" width=\"150\" height=\"150\" src=\"https:\/\/masanatentacion.com\/wp-content\/uploads\/2021\/12\/tarta-manzana-apcel-1-1-150x150.jpg\" alt=\"\" class=\"wp-image-561\"\/><\/figure><\/div>\n\n\n\n<p><\/p>\n\n\n\n<p class=\"has-text-align-center\" style=\"font-size:22px\"><em><strong>Y para el final el postre:<\/strong><\/em><\/p>\n\n\n\n<ul style=\"font-size:22px\"><li><em>Croissants<\/em>:<ul><li><em>Normales<\/em><\/li><li><em>Con chocolate<\/em><\/li><\/ul><\/li><li><em>Napolitanas:<\/em><ul><li><em> Con chocolate<\/em><\/li><li><em>Con crema<\/em><\/li><\/ul><\/li><li><em>Berlinas:<\/em><ul><li><em>Con choco negro<\/em>&nbsp;<\/li><li><em>Con choco blanco<\/em><\/li><li>G<em>lasada<\/em><\/li><\/ul><\/li><li><em>Magdalenas<\/em>:<ul><li><em>Normales<\/em><\/li><li><em>Con pepitas de chocolate<\/em><\/li><li><em>De calabaza<\/em><\/li><li><em>De chocolate<\/em><\/li><li><em>De naranja con pepitas de choco<\/em><\/li><\/ul><\/li><li><em>Valencianas<\/em><\/li><li><em>Coca:<\/em><ul><li><em>Dulce o de llanda<\/em><\/li><li><em>De choco<\/em><\/li><li><em>De naranja amarga<\/em><\/li><\/ul><\/li><li><em>Ca\u00f1a de chocolate<\/em><\/li><li><em>Fartons<\/em><\/li><li><em>Brownie<\/em><\/li><li><em>Mini panetones<\/em><\/li><li><em>Mostachones o bizcochos:<\/em><ul><li><em>Normales<\/em><\/li><li><em>Con cacao<\/em><\/li><\/ul><\/li><li><em>Monjavenes \/ Saginosa<\/em><\/li><li><em>Tartaleta de manzana<\/em><\/li><li><em>Rolling de Canela<\/em><\/li><li><em>Gofres<\/em><\/li><li><em>Churros congelados<\/em><\/li><li><em>To\u00f1as<\/em><\/li><li><em>Mini-to\u00f1as<\/em><\/li><li><em>Cu\u00f1as de chocolate<\/em><\/li><li><em>Medias lunas de crema<\/em><\/li><li><em>Panteras:<\/em><ul><li><em>Rosa (fresa)<\/em><\/li><li><em>Chocolate<\/em><\/li><\/ul><\/li><\/ul>\n<\/div>\n<\/div>\n\n\n<p><img loading=\"lazy\" class=\"aligncenter wp-image-71\" src=\"https:\/\/masanatentacion.com\/wp-content\/uploads\/2021\/05\/productos-sin-gluten-1-1-e1619960755480.jpg\" alt=\"\" width=\"1800\" height=\"600\"><\/p>\n\n\n<p class=\"has-text-align-center has-medium-font-size\"><\/p>\n\n\n\n<div style=\"height:41px\" aria-hidden=\"true\" class=\"wp-block-spacer\"><\/div>\n\n\n\n<p class=\"has-text-align-center\" style=\"font-size:22px\"><em><strong>Tambi\u00e9n se pueden encontrar otros productos como:<\/strong><\/em><\/p>\n\n\n\n<div class=\"wp-block-columns\">\n<div class=\"wp-block-column\" style=\"flex-basis:25%\"><\/div>\n\n\n\n<div class=\"wp-block-column\" style=\"flex-basis:50%\">\n<ul style=\"font-size:22px\"><li><em>Cereales:<\/em><ul><li><em>Mijo<\/em><\/li><li>A<em>maranto<\/em><\/li><li><em>Trigo sarraceno<\/em><\/li><\/ul><\/li><li><em>Cereales para el desayuno<\/em>:<ul><li><em>Corn Flakes<\/em><\/li><li><em>De avena integral<\/em><\/li><li><em>Salvado de avena<\/em><\/li><li><em>De quinoa<\/em><\/li><li><em>Muesli (sin azucar)<\/em><\/li><li><em>Muesli con cacao (sin azucar)<\/em><\/li><\/ul><\/li><li><em>Pastas:<\/em><ul><li><em>Para lasa\u00f1a<\/em><\/li><\/ul><ul><li><em>Para fideu\u00e1<\/em><\/li><li><em>Macarrones<\/em><\/li><li><em>Lazos<\/em><\/li><li><em>Fideos<\/em><\/li><li><em>Espaguetis<\/em><\/li><li><em>De legumbres<\/em><\/li><\/ul><\/li><li><em>Especias<\/em>:<ul><li><em>Tandoori<\/em><\/li><li><em>Comino<\/em><\/li><li><em>Garam Masala<\/em><\/li><li><em>Curr<\/em>y<\/li><li><em>5 pimientas para moler<\/em><\/li><\/ul><\/li><li><em>Infusiones<\/em><\/li><li><em>Caf\u00e9<\/em><\/li><li><em>Refrescos<\/em><\/li><li><em>Cervezas variadas<\/em><\/li><li><em>Cacaolat<\/em><\/li><li><em>Zumos<\/em><\/li><li><em>Bebida de:<\/em><ul><li><em>Almendras<\/em><\/li><li><em>Soja<\/em><\/li><li><em>Avena<\/em><\/li><\/ul><\/li><\/ul>\n<\/div>\n\n\n\n<div class=\"wp-block-column\" style=\"flex-basis:25%\"><\/div>\n<\/div>\n\n\n\n<div style=\"height:41px\" aria-hidden=\"true\" class=\"wp-block-spacer\"><\/div>\n\n\n\n<p class=\"has-text-align-center\" style=\"font-size:22px\"><strong>&#8211; <em>TODOS LOS PRODUCTOS SON SIN GLUTEN<\/em> &#8211;<\/strong><\/p>\n\n\n\n<div style=\"height:41px\" aria-hidden=\"true\" class=\"wp-block-spacer\"><\/div>\n\n\n\n<p style=\"font-size:22px\"><em>Para que se pueda disfrutar de productos de calidad, locales y frescos, ya que se priorizar\u00e1 siempre los productos de cercan\u00eda siguiendo la filosof\u00eda <strong>SLOW FOOD<\/strong>, y de productos, que no siendo a veces de proximidad, son necesarios para una adecuada alimentaci\u00f3n y de otras opciones que cubran tanto las necesidades nutritivas y los deseos de los gourmets m\u00e1s exigentes y variados.<\/em> <\/p>\n\n\n\n<p style=\"font-size:22px\"><em>Porque somos lo que comemos y eso se traduce en comer bien para estar saludables pero permiti\u00e9ndonos alguna sana tentaci\u00f3n para poder alimentar tanto al cuerpo como a la mente.<\/em> <\/p>\n\n\n\n<p><\/p>\n\n\n\n<div style=\"height:41px\" aria-hidden=\"true\" class=\"wp-block-spacer\"><\/div>\n\n\n\n<p class=\"has-text-align-center has-large-font-size\"><strong>&#8211; <em>Ven a disfrutar de la comida sana para todos.<\/em> &#8211;<\/strong><\/p>\n","protected":false},"excerpt":{"rendered":"<p>\u00abQue la comida sea tu alimento y el alimento, tu medicina\u00bb Hip\u00f3crates MASANA nace para ofrecer una amplia variedad de comida sana para poder compartir en familia, con amigos y disfrutar de las tentaciones para el paladar de una forma m\u00e1s saludable. Una opci\u00f3n apta&nbsp;<a class=\"read-more\" href=\"https:\/\/masanatentacion.com\/\">&hellip;<\/a><\/p>\n","protected":false},"author":1,"featured_media":115,"parent":0,"menu_order":0,"comment_status":"closed","ping_status":"closed","template":"","meta":[],"_links":{"self":[{"href":"https:\/\/masanatentacion.com\/index.php\/wp-json\/wp\/v2\/pages\/8"}],"collection":[{"href":"https:\/\/masanatentacion.com\/index.php\/wp-json\/wp\/v2\/pages"}],"about":[{"href":"https:\/\/masanatentacion.com\/index.php\/wp-json\/wp\/v2\/types\/page"}],"author":[{"embeddable":true,"href":"https:\/\/masanatentacion.com\/index.php\/wp-json\/wp\/v2\/users\/1"}],"replies":[{"embeddable":true,"href":"https:\/\/masanatentacion.com\/index.php\/wp-json\/wp\/v2\/comments?post=8"}],"version-history":[{"count":85,"href":"https:\/\/masanatentacion.com\/index.php\/wp-json\/wp\/v2\/pages\/8\/revisions"}],"predecessor-version":[{"id":954,"href":"https:\/\/masanatentacion.com\/index.php\/wp-json\/wp\/v2\/pages\/8\/revisions\/954"}],"wp:featuredmedia":[{"embeddable":true,"href":"https:\/\/masanatentacion.com\/index.php\/wp-json\/wp\/v2\/media\/115"}],"wp:attachment":[{"href":"https:\/\/masanatentacion.com\/index.php\/wp-json\/wp\/v2\/media?parent=8"}],"curies":[{"name":"wp","href":"https:\/\/api.w.org\/{rel}","templated":true}]}}